{"id":1680,"date":"2024-04-24T12:34:37","date_gmt":"2024-04-24T12:34:37","guid":{"rendered":"https:\/\/nytt.lt\/?page_id=1680"},"modified":"2024-04-26T11:35:19","modified_gmt":"2024-04-26T11:35:19","slug":"slapuku-politika","status":"publish","type":"page","link":"https:\/\/nytt.lt\/en\/slapuku-politika\/","title":{"rendered":"Cookies policy"},"content":{"rendered":"<div data-elementor-type=\"wp-page\" data-elementor-id=\"1680\" class=\"elementor elementor-1680\" data-elementor-post-type=\"page\">\n\t\t\t\t<div class=\"elementor-element elementor-element-f8e1d5a e-flex e-con-boxed e-con e-parent\" data-id=\"f8e1d5a\" data-element_type=\"container\" data-e-type=\"container\" data-settings=\"{&quot;jet_parallax_layout_list&quot;:[]}\">\n\t\t\t\t\t<div class=\"e-con-inner\">\n\t\t\t\t\t<\/div>\n\t\t\t\t<\/div>\n\t\t<div class=\"elementor-element elementor-element-1a9c05c e-flex e-con-boxed e-con e-parent\" data-id=\"1a9c05c\" data-element_type=\"container\" data-e-type=\"container\" data-settings=\"{&quot;jet_parallax_layout_list&quot;:[]}\" data-no-translation=\"\">\n\t\t\t\t\t<div class=\"e-con-inner\">\n\t\t\t\t<div class=\"elementor-element elementor-element-239ef07 elementor-widget elementor-widget-text-editor\" data-id=\"239ef07\" data-element_type=\"widget\" data-e-type=\"widget\" data-widget_type=\"text-editor.default\">\n\t\t\t\t<div class=\"elementor-widget-container\">\n\t\t\t\t\t\t\t\t\t<p><b>Who we are<\/b><\/p><p><b><br \/><\/b><span style=\"font-weight: 400;\">Details of the data controller:<\/span><span style=\"font-weight: 400;\"><br \/><\/span><span style=\"font-weight: 400;\">Studija &#8220;nytt&#8221;, MB<\/span><span style=\"font-weight: 400;\"><br \/><\/span><span style=\"font-weight: 400;\">Company code: 305954627<\/span><span style=\"font-weight: 400;\"><br \/><\/span><span style=\"font-weight: 400;\">Director: Ignas Lesauskas<\/span><span style=\"font-weight: 400;\"><br \/><\/span><span style=\"font-weight: 400;\">Address: Nepriklausomyb\u0117s g. 18A-8, LT-86177 Kelm\u0117<\/span> <span style=\"font-weight: 400;\">Phone: +370 672 87910<\/span><span style=\"font-weight: 400;\"><br \/><\/span><span style=\"font-weight: 400;\">Email: ignas@nytt.lt<\/span><\/p><p>\u00a0<\/p><p><b>Cookies<\/b><\/p><p><i><span style=\"font-weight: 400;\">What are cookies and how do they work?<\/span><\/i><i><span style=\"font-weight: 400;\"><br \/><\/span><\/i><span style=\"font-weight: 400;\">The website uses cookies. Cookies are text files that, with your consent, are saved in the browser of a device (e.g. computer, mobile phone, tablet) when you browse the website and collect information about your browsing.<\/span><span style=\"font-weight: 400;\"><br \/><br \/><\/span><\/p><p><span style=\"font-weight: 400;\">When you visit the website for the first time, cookies are transferred to your computer and are later used to distinguish your computer from other computers, they ensure a more convenient use of the website and allow us to improve the website. This is a common practice of browsing websites, which facilitates browsing on your already visited website and simplifies access to published information.<\/span><\/p><p><i><span style=\"font-weight: 400;\">What cookies do we use?<\/span><\/i><i><span style=\"font-weight: 400;\"><br \/><\/span><\/i><span style=\"font-weight: 400;\">In order to ensure that you can use the website more conveniently and efficiently, we use the following cookies:<\/span><\/p>\t\t\t\t\t\t\t\t<\/div>\n\t\t\t\t<\/div>\n\t\t\t\t<div class=\"elementor-element elementor-element-a9ffc6a elementor-widget elementor-widget-shortcode\" data-id=\"a9ffc6a\" data-element_type=\"widget\" data-e-type=\"widget\" data-widget_type=\"shortcode.default\">\n\t\t\t\t<div class=\"elementor-widget-container\">\n\t\t\t\t\t\t\t<div class=\"elementor-shortcode\"><div id=\"footable_parent_2140\"\n         class=\"footable_parent ninja_table_wrapper loading_ninja_table wp_table_data_press_parent semantic_ui\">\n                <table data-ninja_table_instance=\"ninja_table_instance_1\" data-footable_id=\"2140\" data-filter-delay=\"1000\" aria-label=\"slapukai rn\"            id=\"footable_2140\"\n           data-unique_identifier=\"ninja_table_unique_id_187866137_2140\"\n           class=\"foo-table ninja_footable foo_table_2140 ninja_table_unique_id_187866137_2140 ui table  nt_type_ajax_table vertical_centered  footable-paging-right ninja_table_search_disabled\">\n                <colgroup>\n                            <col class=\"ninja_column_0\">\n                            <col class=\"ninja_column_1\">\n                            <col class=\"ninja_column_2\">\n                            <col class=\"ninja_column_3\">\n                            <col class=\"ninja_column_4\">\n                            <col class=\"ninja_column_5\">\n                    <\/colgroup>\n            <\/table>\n    \n    \n    \n<\/div>\n<\/div>\n\t\t\t\t\t\t<\/div>\n\t\t\t\t<\/div>\n\t\t\t\t<div class=\"elementor-element elementor-element-9c9d175 elementor-widget elementor-widget-text-editor\" data-id=\"9c9d175\" data-element_type=\"widget\" data-e-type=\"widget\" data-widget_type=\"text-editor.default\">\n\t\t\t\t<div class=\"elementor-widget-container\">\n\t\t\t\t\t\t\t\t\t<p><i><span style=\"font-weight: 400;\">How do I remove cookies from my device?<\/span><\/i><i><span style=\"font-weight: 400;\"><br \/><\/span><\/i><span style=\"font-weight: 400;\">To prevent your personal data from being processed with the help of cookies, you can change the settings of your internet browser so that cookies are not accepted, or delete saved cookies.<\/span><span style=\"font-weight: 400;\"><br \/><\/span><span style=\"font-weight: 400;\">You can change the cookie settings in your browser at any time. All browsers have the option to delete cookies. More detailed instructions depend on the browser you are using, you can find them in the options menu of the browser you are using:<\/span><\/p><ul><li style=\"font-weight: 400;\" aria-level=\"1\"><span style=\"font-weight: 400;\">Cookie settings <\/span><a href=\"https:\/\/support.microsoft.com\/en-us\/help\/17442\/windows-internet-explorer-delete-manage-cookies#ie=ie-10\"><span style=\"font-weight: 400;\">Internet Explorer<\/span><\/a><\/li><li style=\"font-weight: 400;\" aria-level=\"1\"><span style=\"font-weight: 400;\">Cookie settings <\/span><a href=\"https:\/\/support.mozilla.org\/en-US\/kb\/cookies-information-websites-store-on-your-computer?redirectlocale=en-US&amp;redirectslug=Cookies\"><span style=\"font-weight: 400;\">Firefox<\/span><\/a><\/li><li style=\"font-weight: 400;\" aria-level=\"1\"><span style=\"font-weight: 400;\">Cookie settings <\/span><a href=\"https:\/\/support.google.com\/chrome\/answer\/95647?hl=en&amp;ref_topic=14666\"><span style=\"font-weight: 400;\">Chrome<\/span><\/a><\/li><li style=\"font-weight: 400;\" aria-level=\"1\"><span style=\"font-weight: 400;\">Cookie settings <\/span><a href=\"https:\/\/support.apple.com\/guide\/safari\/manage-cookies-and-website-data-sfri11471\/mac\"><span style=\"font-weight: 400;\">Safari web<\/span><\/a><span style=\"font-weight: 400;\"> ir <\/span><a href=\"https:\/\/support.apple.com\/en-us\/HT201265\"><span style=\"font-weight: 400;\">iOS\u00a0<\/span><\/a><\/li><\/ul><p><span style=\"font-weight: 400;\">More information: <\/span><a href=\"https:\/\/www.allaboutcookies.org\/\"><span style=\"font-weight: 400;\">https:\/\/www.allaboutcookies.org\/<\/span><\/a><\/p><p><span style=\"font-weight: 400;\">We note that removing or blocking the cookies used may affect the operation of the website and some of its functionalities, as well as may negatively affect your use of the services available on the portal.<\/span><\/p><p>\u00a0<\/p><p><b>Contact Information<\/b><b><br \/><\/b><span style=\"font-weight: 400;\">Studija &#8220;nytt&#8221;, MB<\/span><span style=\"font-weight: 400;\"><br \/><\/span><span style=\"font-weight: 400;\">Company code: 305954627<\/span><span style=\"font-weight: 400;\"><br \/><\/span><span style=\"font-weight: 400;\">Director: Ignas Lesauskas<\/span><span style=\"font-weight: 400;\"><br \/><\/span><span style=\"font-weight: 400;\">Address: Nepriklausomyb\u0117s g. 18A-8, LT-86177 Kelm\u0117<\/span> <span style=\"font-weight: 400;\">Phone: +370 672 87910<\/span><span style=\"font-weight: 400;\"><br \/><\/span><span style=\"font-weight: 400;\">Email: <\/span><a href=\"mailto:ignas@nytt.lt\"><span style=\"font-weight: 400;\">ignas@nytt.lt<\/span><\/a><\/p><p>\u00a0<\/p><p><b>How we protect your data<\/b><b><br \/><\/b><span style=\"font-weight: 400;\">We take appropriate technical and organizational measures (data encryption, security measures against unauthorized access to this website (e.g. two-factor authentication), staff training in the field of data protection) to ensure the protection of all data against accidental or unlawful destruction, accidental loss , alteration, disclosure and other unauthorized forms of processing.<\/span><\/p><p>\u00a0<\/p><p><b>What data protection procedures we use<\/b><b><br \/><\/b><span style=\"font-weight: 400;\">Data encryption, security measures to prevent unauthorized access to the website, staff training in the field of data protection.<\/span><\/p><p>\u00a0<\/p><p><b>What third parties we receive data from<\/b><b><br \/><\/b><span style=\"font-weight: 400;\">We do not receive data from third parties.<\/span><\/p>\t\t\t\t\t\t\t\t<\/div>\n\t\t\t\t<\/div>\n\t\t\t\t\t<\/div>\n\t\t\t\t<\/div>\n\t\t\t\t<\/div>\n\t\t<p><\/p>","protected":false},"excerpt":{"rendered":"<p>Kas mes esameDuomen\u0173 valdytojo rekvizitai:Studija &#8220;nytt&#8221;, MB \u012emon\u0117s kodas: 305954627Direktorius: Ignas LesauskasAdresas: Nepriklausomyb\u0117s g. 18A-8, LT-86177 Kelm\u0117 Telefonas: +370 672 87910El. pa\u0161tas: ignas@nytt.lt \u00a0 Slapukai (cookies) Kas yra slapukai ir kaip jie veikia? Svetain\u0117je naudojami slapukai. Slapukai (angl. cookies) yra tekstiniai failai, kurie J\u016bs\u0173 sutikimu \u012fra\u0161omi \u012f \u012frenginio (pvz. kompiuterio, mobiliojo telefono, plan\u0161et\u0117s) nar\u0161ykl\u0119, kai [&hellip;]<\/p>\n","protected":false},"author":1,"featured_media":0,"parent":0,"menu_order":0,"comment_status":"closed","ping_status":"closed","template":"","meta":{"_acf_changed":false,"_kad_blocks_custom_css":"","_kad_blocks_head_custom_js":"","_kad_blocks_body_custom_js":"","_kad_blocks_footer_custom_js":"","footnotes":""},"class_list":["post-1680","page","type-page","status-publish","hentry"],"blocksy_meta":[],"acf":[],"yoast_head":"<!-- This site is optimized with the Yoast SEO plugin v27.3 - https:\/\/yoast.com\/product\/yoast-seo-wordpress\/ -->\n<title>Slapuk\u0173 politika - nytt<\/title>\n<meta name=\"robots\" content=\"index, follow, max-snippet:-1, max-image-preview:large, max-video-preview:-1\" \/>\n<link rel=\"canonical\" href=\"https:\/\/nytt.lt\/en\/slapuku-politika\/\" \/>\n<meta property=\"og:locale\" content=\"en_US\" \/>\n<meta property=\"og:type\" content=\"article\" \/>\n<meta property=\"og:title\" content=\"Slapuk\u0173 politika - nytt\" \/>\n<meta property=\"og:description\" content=\"Kas mes esameDuomen\u0173 valdytojo rekvizitai:Studija &#8220;nytt&#8221;, MB \u012emon\u0117s kodas: 305954627Direktorius: Ignas LesauskasAdresas: Nepriklausomyb\u0117s g. 18A-8, LT-86177 Kelm\u0117 Telefonas: +370 672 87910El. pa\u0161tas: ignas@nytt.lt \u00a0 Slapukai (cookies) Kas yra slapukai ir kaip jie veikia? Svetain\u0117je naudojami slapukai. Slapukai (angl. cookies) yra tekstiniai failai, kurie J\u016bs\u0173 sutikimu \u012fra\u0161omi \u012f \u012frenginio (pvz. kompiuterio, mobiliojo telefono, plan\u0161et\u0117s) nar\u0161ykl\u0119, kai [&hellip;]\" \/>\n<meta property=\"og:url\" content=\"https:\/\/nytt.lt\/en\/slapuku-politika\/\" \/>\n<meta property=\"og:site_name\" content=\"nytt\" \/>\n<meta property=\"article:publisher\" content=\"https:\/\/www.facebook.com\/nytt.architects\" \/>\n<meta property=\"article:modified_time\" content=\"2024-04-26T11:35:19+00:00\" \/>\n<meta name=\"twitter:card\" content=\"summary_large_image\" \/>\n<meta name=\"twitter:label1\" content=\"Est. reading time\" \/>\n\t<meta name=\"twitter:data1\" content=\"4 minutes\" \/>\n<script type=\"application\/ld+json\" class=\"yoast-schema-graph\">{\"@context\":\"https:\\\/\\\/schema.org\",\"@graph\":[{\"@type\":\"WebPage\",\"@id\":\"https:\\\/\\\/nytt.lt\\\/slapuku-politika\\\/\",\"url\":\"https:\\\/\\\/nytt.lt\\\/slapuku-politika\\\/\",\"name\":\"Slapuk\u0173 politika - nytt\",\"isPartOf\":{\"@id\":\"https:\\\/\\\/nytt.lt\\\/#website\"},\"datePublished\":\"2024-04-24T12:34:37+00:00\",\"dateModified\":\"2024-04-26T11:35:19+00:00\",\"breadcrumb\":{\"@id\":\"https:\\\/\\\/nytt.lt\\\/slapuku-politika\\\/#breadcrumb\"},\"inLanguage\":\"en-US\",\"potentialAction\":[{\"@type\":\"ReadAction\",\"target\":[\"https:\\\/\\\/nytt.lt\\\/slapuku-politika\\\/\"]}]},{\"@type\":\"BreadcrumbList\",\"@id\":\"https:\\\/\\\/nytt.lt\\\/slapuku-politika\\\/#breadcrumb\",\"itemListElement\":[{\"@type\":\"ListItem\",\"position\":1,\"name\":\"Home\",\"item\":\"https:\\\/\\\/nytt.lt\\\/\"},{\"@type\":\"ListItem\",\"position\":2,\"name\":\"Slapuk\u0173 politika\"}]},{\"@type\":\"WebSite\",\"@id\":\"https:\\\/\\\/nytt.lt\\\/#website\",\"url\":\"https:\\\/\\\/nytt.lt\\\/\",\"name\":\"Nyyt\",\"description\":\"\",\"publisher\":{\"@id\":\"https:\\\/\\\/nytt.lt\\\/#organization\"},\"potentialAction\":[{\"@type\":\"SearchAction\",\"target\":{\"@type\":\"EntryPoint\",\"urlTemplate\":\"https:\\\/\\\/nytt.lt\\\/?s={search_term_string}\"},\"query-input\":{\"@type\":\"PropertyValueSpecification\",\"valueRequired\":true,\"valueName\":\"search_term_string\"}}],\"inLanguage\":\"en-US\"},{\"@type\":\"Organization\",\"@id\":\"https:\\\/\\\/nytt.lt\\\/#organization\",\"name\":\"Nyyt\",\"url\":\"https:\\\/\\\/nytt.lt\\\/\",\"logo\":{\"@type\":\"ImageObject\",\"inLanguage\":\"en-US\",\"@id\":\"https:\\\/\\\/nytt.lt\\\/#\\\/schema\\\/logo\\\/image\\\/\",\"url\":\"https:\\\/\\\/nytt.lt\\\/wp-content\\\/uploads\\\/2024\\\/04\\\/NYTT-NAUJAS-emailai-1.svg\",\"contentUrl\":\"https:\\\/\\\/nytt.lt\\\/wp-content\\\/uploads\\\/2024\\\/04\\\/NYTT-NAUJAS-emailai-1.svg\",\"width\":91,\"height\":48,\"caption\":\"Nyyt\"},\"image\":{\"@id\":\"https:\\\/\\\/nytt.lt\\\/#\\\/schema\\\/logo\\\/image\\\/\"},\"sameAs\":[\"https:\\\/\\\/www.facebook.com\\\/nytt.architects\",\"https:\\\/\\\/www.linkedin.com\\\/company\\\/nytt-architects\\\/\",\"https:\\\/\\\/www.instagram.com\\\/nytt.architects\\\/\"]}]}<\/script>\n<!-- \/ Yoast SEO plugin. -->","yoast_head_json":{"title":"Slapuk\u0173 politika - nytt","robots":{"index":"index","follow":"follow","max-snippet":"max-snippet:-1","max-image-preview":"max-image-preview:large","max-video-preview":"max-video-preview:-1"},"canonical":"https:\/\/nytt.lt\/en\/slapuku-politika\/","og_locale":"en_US","og_type":"article","og_title":"Slapuk\u0173 politika - nytt","og_description":"Kas mes esameDuomen\u0173 valdytojo rekvizitai:Studija &#8220;nytt&#8221;, MB \u012emon\u0117s kodas: 305954627Direktorius: Ignas LesauskasAdresas: Nepriklausomyb\u0117s g. 18A-8, LT-86177 Kelm\u0117 Telefonas: +370 672 87910El. pa\u0161tas: ignas@nytt.lt \u00a0 Slapukai (cookies) Kas yra slapukai ir kaip jie veikia? Svetain\u0117je naudojami slapukai. Slapukai (angl. cookies) yra tekstiniai failai, kurie J\u016bs\u0173 sutikimu \u012fra\u0161omi \u012f \u012frenginio (pvz. kompiuterio, mobiliojo telefono, plan\u0161et\u0117s) nar\u0161ykl\u0119, kai [&hellip;]","og_url":"https:\/\/nytt.lt\/en\/slapuku-politika\/","og_site_name":"nytt","article_publisher":"https:\/\/www.facebook.com\/nytt.architects","article_modified_time":"2024-04-26T11:35:19+00:00","twitter_card":"summary_large_image","twitter_misc":{"Est. reading time":"4 minutes"},"schema":{"@context":"https:\/\/schema.org","@graph":[{"@type":"WebPage","@id":"https:\/\/nytt.lt\/slapuku-politika\/","url":"https:\/\/nytt.lt\/slapuku-politika\/","name":"Slapuk\u0173 politika - nytt","isPartOf":{"@id":"https:\/\/nytt.lt\/#website"},"datePublished":"2024-04-24T12:34:37+00:00","dateModified":"2024-04-26T11:35:19+00:00","breadcrumb":{"@id":"https:\/\/nytt.lt\/slapuku-politika\/#breadcrumb"},"inLanguage":"en-US","potentialAction":[{"@type":"ReadAction","target":["https:\/\/nytt.lt\/slapuku-politika\/"]}]},{"@type":"BreadcrumbList","@id":"https:\/\/nytt.lt\/slapuku-politika\/#breadcrumb","itemListElement":[{"@type":"ListItem","position":1,"name":"Home","item":"https:\/\/nytt.lt\/"},{"@type":"ListItem","position":2,"name":"Slapuk\u0173 politika"}]},{"@type":"WebSite","@id":"https:\/\/nytt.lt\/#website","url":"https:\/\/nytt.lt\/","name":"Nyyt","description":"","publisher":{"@id":"https:\/\/nytt.lt\/#organization"},"potentialAction":[{"@type":"SearchAction","target":{"@type":"EntryPoint","urlTemplate":"https:\/\/nytt.lt\/?s={search_term_string}"},"query-input":{"@type":"PropertyValueSpecification","valueRequired":true,"valueName":"search_term_string"}}],"inLanguage":"en-US"},{"@type":"Organization","@id":"https:\/\/nytt.lt\/#organization","name":"Nyyt","url":"https:\/\/nytt.lt\/","logo":{"@type":"ImageObject","inLanguage":"en-US","@id":"https:\/\/nytt.lt\/#\/schema\/logo\/image\/","url":"https:\/\/nytt.lt\/wp-content\/uploads\/2024\/04\/NYTT-NAUJAS-emailai-1.svg","contentUrl":"https:\/\/nytt.lt\/wp-content\/uploads\/2024\/04\/NYTT-NAUJAS-emailai-1.svg","width":91,"height":48,"caption":"Nyyt"},"image":{"@id":"https:\/\/nytt.lt\/#\/schema\/logo\/image\/"},"sameAs":["https:\/\/www.facebook.com\/nytt.architects","https:\/\/www.linkedin.com\/company\/nytt-architects\/","https:\/\/www.instagram.com\/nytt.architects\/"]}]}},"taxonomy_info":[],"featured_image_src_large":false,"author_info":{"display_name":"nytt.lt","author_link":"https:\/\/nytt.lt\/en\/author\/darbine-nytt-lt\/"},"comment_info":0,"_links":{"self":[{"href":"https:\/\/nytt.lt\/en\/wp-json\/wp\/v2\/pages\/1680","targetHints":{"allow":["GET"]}}],"collection":[{"href":"https:\/\/nytt.lt\/en\/wp-json\/wp\/v2\/pages"}],"about":[{"href":"https:\/\/nytt.lt\/en\/wp-json\/wp\/v2\/types\/page"}],"author":[{"embeddable":true,"href":"https:\/\/nytt.lt\/en\/wp-json\/wp\/v2\/users\/1"}],"replies":[{"embeddable":true,"href":"https:\/\/nytt.lt\/en\/wp-json\/wp\/v2\/comments?post=1680"}],"version-history":[{"count":28,"href":"https:\/\/nytt.lt\/en\/wp-json\/wp\/v2\/pages\/1680\/revisions"}],"predecessor-version":[{"id":2143,"href":"https:\/\/nytt.lt\/en\/wp-json\/wp\/v2\/pages\/1680\/revisions\/2143"}],"wp:attachment":[{"href":"https:\/\/nytt.lt\/en\/wp-json\/wp\/v2\/media?parent=1680"}],"curies":[{"name":"wp","href":"https:\/\/api.w.org\/{rel}","templated":true}]}}